{"id":10803,"date":"2022-06-09T13:01:49","date_gmt":"2022-06-09T11:01:49","guid":{"rendered":"https:\/\/asiakitchen.dk\/arrangement\/"},"modified":"2026-04-16T23:03:48","modified_gmt":"2026-04-16T21:03:48","slug":"arrangement","status":"publish","type":"page","link":"https:\/\/asiakitchen.dk\/de\/arrangement\/","title":{"rendered":"Arrangement"},"content":{"rendered":"<div class=\"wpb-content-wrapper\"><p>[vc_row full_width=&#8220;stretch_row&#8220; css=&#8220;.vc_custom_1651444986553{margin-top: -40px !important;padding-bottom: 20px !important;background-color: #111111 !important;}&#8220; mobile_bg_img_hidden=&#8220;no&#8220; tablet_bg_img_hidden=&#8220;no&#8220; woodmart_parallax=&#8220;0&#8243; woodmart_gradient_switch=&#8220;no&#8220; row_reverse_mobile=&#8220;0&#8243; row_reverse_tablet=&#8220;0&#8243; woodmart_disable_overflow=&#8220;0&#8243; wd_z_index=&#8220;no&#8220; woodmart_css_id=&#8220;626f0cef7366f&#8220; responsive_spacing=&#8220;eyJwYXJhbV90eXBlIjoid29vZG1hcnRfcmVzcG9uc2l2ZV9zcGFjaW5nIiwic2VsZWN0b3JfaWQiOiI2MjZmMGNlZjczNjZmIiwic2hvcnRjb2RlIjoidmNfcm93IiwiZGF0YSI6eyJ0YWJsZXQiOnt9LCJtb2JpbGUiOnsibWFyZ2luLWJvdHRvbSI6IjBweCJ9fX0=&#8220; woodmart_box_shadow=&#8220;no&#8220;][vc_column width=&#8220;1\/4&#8243;][\/vc_column][vc_column width=&#8220;1\/2&#8243;][vc_empty_space height=&#8220;50px&#8220; woodmart_hide_large=&#8220;0&#8243; woodmart_hide_medium=&#8220;0&#8243; woodmart_hide_small=&#8220;0&#8243; woodmart_hide_extra_small=&#8220;0&#8243;][vc_custom_heading text=&#8220;Asien K\u00fcche&#8220; font_container=&#8220;tag:h2|font_size:50|text_align:center|color:%23b72121&#8243; google_fonts=&#8220;font_family:Dancing%20Script%3Aregular%2C700|font_style:400%20regular%3A400%3Anormal&#8220;][vc_custom_heading text=&#8220;Arrangement&#8220; font_container=&#8220;tag:h1|font_size:60|text_align:center|color:%23ffffff&#8220; css=&#8220;.vc_custom_1655339510187{margin-top: -50px !important;}&#8220;][vc_column_text css=&#8220;&#8220; woodmart_color_scheme=&#8220;light&#8220; woodmart_inline=&#8220;no&#8220; text_larger=&#8220;no&#8220;]<\/p>\n<h3 style=\"text-align: center;\">Veranstalten Sie Ihr <a title=\"Ereignis r\u00f8m\u00f8\" href=\"asiakitchen.com\/arrengement\">Event<\/a> im Asia Kitchen <a title=\"Ereignis r\u00f8m\u00f8\" href=\"asiakitchen.com\/arrengement\">Restaurant in R\u00f8m\u00f8<\/a><\/h3>\n<h3><\/h3>\n<p>[\/vc_column_text][vc_column_text css=&#8220;&#8220; woodmart_color_scheme=&#8220;light&#8220; woodmart_inline=&#8220;no&#8220; text_larger=&#8220;no&#8220;]<\/p>\n<p style=\"text-align: center;\">Organisieren Sie ein gro\u00dfes Fest, eine Konfirmation, eine Hochzeit, einen Geburtstag, ein Vereinsfest, eine Weihnachtsfeier, eine Generalversammlung oder \u00e4hnliches?<\/p>\n<p>[\/vc_column_text][vc_empty_space height=&#8220;50px&#8220; woodmart_hide_large=&#8220;0&#8243; woodmart_hide_medium=&#8220;0&#8243; woodmart_hide_small=&#8220;0&#8243; woodmart_hide_extra_small=&#8220;0&#8243;][\/vc_column][vc_column width=&#8220;1\/4&#8243;][\/vc_column][\/vc_row][vc_row full_width=&#8220;stretch_row&#8220; css=&#8220;.vc_custom_1654778452248{background-color: #111111 !important;}&#8220; woodmart_css_id=&#8220;62a1ea50551bb&#8220; responsive_spacing=&#8220;eyJwYXJhbV90eXBlIjoid29vZG1hcnRfcmVzcG9uc2l2ZV9zcGFjaW5nIiwic2VsZWN0b3JfaWQiOiI2MmExZWE1MDU1MWJiIiwic2hvcnRjb2RlIjoidmNfcm93IiwiZGF0YSI6eyJ0YWJsZXQiOnt9LCJtb2JpbGUiOnt9fX0=&#8220; mobile_bg_img_hidden=&#8220;no&#8220; tablet_bg_img_hidden=&#8220;no&#8220; woodmart_parallax=&#8220;0&#8243; woodmart_gradient_switch=&#8220;no&#8220; woodmart_box_shadow=&#8220;no&#8220; wd_z_index=&#8220;no&#8220; woodmart_disable_overflow=&#8220;0&#8243; row_reverse_mobile=&#8220;0&#8243; row_reverse_tablet=&#8220;0&#8243;][vc_column width=&#8220;3\/5&#8243;][vc_single_image image=&#8220;10804&#8243; img_size=&#8220;700&#215;650&#8243; alignment=&#8220;center&#8220; style=&#8220;vc_box_shadow&#8220; css=&#8220;.vc_custom_1679571127702{padding-top: 30px !important;padding-right: 10% !important;padding-left: 10% !important;}&#8220; parallax_scroll=&#8220;no&#8220; woodmart_inline=&#8220;no&#8220;][\/vc_column][vc_column width=&#8220;2\/5&#8243;][vc_custom_heading text=&#8220;Unser Angebot&#8220; font_container=&#8220;tag:h2|font_size:50|text_align:left|color:%23b72121&#8243; google_fonts=&#8220;font_family:Dancing%20Script%3Aregular%2C700|font_style:400%20regular%3A400%3Anormal&#8220;][vc_custom_heading text=&#8220;Mieten Sie das gesamte Restaurant&#8220; font_container=&#8220;tag:h1|text_align:left|color:%23ffffff&#8220; google_fonts=&#8220;font_family:Adamina%3Aregular|font_style:400%20regular%3A400%3Anormal&#8220; css=&#8220;.vc_custom_1654775370936{margin-top: -30px !important;}&#8220;]\t\t<div id=\"wd-69c4d4f9d3dcc\" class=\"wd-text-block wd-wpb reset-last-child wd-rs-69c4d4f9d3dcc text-left color-scheme-light \">\n\t\t\t<p style=\"color: #fff;\">Asia Kitchen bietet Ihnen die M\u00f6glichkeit, das gesamte Restaurant f\u00fcr gr\u00f6\u00dfere <a title=\"Ereignis r\u00f8m\u00f8\" href=\"asiakitchen.com\/arrengement\">Veranstaltungen<\/a> vom 1. November bis zum 15. M\u00e4rz eines jeden Jahres zu mieten, wo Sie unser gro\u00dfes Luxusbuffet und die Sushi-Auswahl sowie die Desserts genie\u00dfen k\u00f6nnen.<\/p>\n<p>Unser Restaurant mit 170 Pl\u00e4tzen ist gem\u00fctlich und geschmackvoll eingerichtet und damit der perfekte Ort f\u00fcr Ihre Feier.<\/p>\n<p>Dies erfordert mindestens. 40 Umschl\u00e4ge bestellen und eine Anzahlung bei der Buchung oder mindestens 30 Tage vor der Veranstaltung leisten.<\/p>\n<p>F\u00fcr Weihnachtsfeiern behalten wir uns das Recht vor, andere <a title=\"Ereignis r\u00f8m\u00f8\" href=\"asiakitchen.com\/arrengement\">Parteien<\/a> in den Raum zu lassen, was die Atmosph\u00e4re sicherlich noch besser macht.<\/p>\n\t\t<\/div>\n\t\t[vc_empty_space height=&#8220;20px&#8220; woodmart_hide_large=&#8220;0&#8243; woodmart_hide_medium=&#8220;0&#8243; woodmart_hide_small=&#8220;0&#8243; woodmart_hide_extra_small=&#8220;0&#8243;]\t\t<div id=\"wd-69c4d501ec4be\" class=\"wd-text-block wd-wpb reset-last-child wd-rs-69c4d501ec4be text-left color-scheme-light \">\n\t\t\t<p><strong>Sind Sie interessiert? Fordern Sie ein Angebot an und buchen Sie das Restaurant jetzt.<\/strong><\/p>\n\t\t<\/div>\n\t\t[\/vc_column][\/vc_row][vc_row full_width=&#8220;stretch_row&#8220; css=&#8220;.vc_custom_1654778466729{padding-top: 50px !important;padding-bottom: 130px !important;background-color: #111111 !important;}&#8220; woodmart_css_id=&#8220;62a1ea5845bbb&#8220; responsive_spacing=&#8220;eyJwYXJhbV90eXBlIjoid29vZG1hcnRfcmVzcG9uc2l2ZV9zcGFjaW5nIiwic2VsZWN0b3JfaWQiOiI2MmExZWE1ODQ1YmJiIiwic2hvcnRjb2RlIjoidmNfcm93IiwiZGF0YSI6eyJ0YWJsZXQiOnt9LCJtb2JpbGUiOnt9fX0=&#8220; mobile_bg_img_hidden=&#8220;no&#8220; tablet_bg_img_hidden=&#8220;no&#8220; woodmart_parallax=&#8220;0&#8243; woodmart_gradient_switch=&#8220;no&#8220; woodmart_box_shadow=&#8220;no&#8220; wd_z_index=&#8220;no&#8220; woodmart_disable_overflow=&#8220;0&#8243; row_reverse_mobile=&#8220;0&#8243; row_reverse_tablet=&#8220;0&#8243;][vc_column width=&#8220;2\/5&#8243; woodmart_text_align=&#8220;right&#8220; woodmart_css_id=&#8220;62a1e9196dda4&#8243; parallax_scroll=&#8220;no&#8220; woodmart_sticky_column=&#8220;false&#8220; wd_collapsible_content_switcher=&#8220;no&#8220; wd_column_role_offcanvas_desktop=&#8220;no&#8220; wd_column_role_offcanvas_tablet=&#8220;no&#8220; wd_column_role_offcanvas_mobile=&#8220;no&#8220; wd_column_role_content_desktop=&#8220;no&#8220; wd_column_role_content_tablet=&#8220;no&#8220; wd_column_role_content_mobile=&#8220;no&#8220; mobile_bg_img_hidden=&#8220;no&#8220; tablet_bg_img_hidden=&#8220;no&#8220; woodmart_parallax=&#8220;0&#8243; woodmart_box_shadow=&#8220;no&#8220; responsive_spacing=&#8220;eyJwYXJhbV90eXBlIjoid29vZG1hcnRfcmVzcG9uc2l2ZV9zcGFjaW5nIiwic2VsZWN0b3JfaWQiOiI2MmExZTkxOTZkZGE0Iiwic2hvcnRjb2RlIjoidmNfY29sdW1uIiwiZGF0YSI6eyJ0YWJsZXQiOnt9LCJtb2JpbGUiOnt9fX0=&#8220; mobile_reset_margin=&#8220;no&#8220; tablet_reset_margin=&#8220;no&#8220; wd_z_index=&#8220;no&#8220;][vc_custom_heading text=&#8220;Asien K\u00fcche&#8220; font_container=&#8220;tag:h2|font_size:50|text_align:right|color:%23b72121&#8243; google_fonts=&#8220;font_family:Dancing%20Script%3Aregular%2C700|font_style:400%20regular%3A400%3Anormal&#8220;][vc_custom_heading text=&#8220;Planen Sie eine gr\u00f6\u00dfere Party?&#8220; font_container=&#8220;tag:h1|text_align:right|color:%23ffffff&#8220; google_fonts=&#8220;font_family:Adamina%3Aregular|font_style:400%20regular%3A400%3Anormal&#8220; css=&#8220;.vc_custom_1654778182806{margin-top: -30px !important;}&#8220;]\t\t<div id=\"wd-69c4d5ef7d25c\" class=\"wd-text-block wd-wpb reset-last-child wd-rs-69c4d5ef7d25c text-right color-scheme-light \">\n\t\t\t<p>Planen Sie eine gr\u00f6\u00dfere Feier &#8211; zum Beispiel eine Hochzeit, einen Geburtstag, eine Vereinsfeier, eine Weihnachtsfeier oder eine Jahreshauptversammlung usw.?<\/p>\n<p>Bei Asia Kitchen k\u00f6nnen Sie das gesamte Restaurant vom 1. November bis 15. M\u00e4rz f\u00fcr gr\u00f6\u00dfere Veranstaltungen mieten und Ihre G\u00e4ste mit unserem gro\u00dfartigen Luxusbuffet, Sushi und Desserts verw\u00f6hnen.<\/p>\n<p>Unser Restaurant ist gem\u00fctlich und geschmackvoll eingerichtet und verf\u00fcgt \u00fcber 170 Sitzpl\u00e4tze &#8211; ideal f\u00fcr alle Arten von Feiern mit mindestens 40 Personen.<br \/>\nBitte beachten Sie, dass bei der Buchung oder mindestens 30 Tage vor der Veranstaltung eine Anzahlung erforderlich ist.<\/p>\n<p>Im Zusammenhang mit Weihnachtsfeiern behalten wir uns das Recht vor, das Restaurant auch an andere Gruppen zu vermieten &#8211; die Atmosph\u00e4re wird sicherlich nur noch besser!<\/p>\n\t\t<\/div>\n\t\t[vc_empty_space height=&#8220;20px&#8220; woodmart_hide_large=&#8220;0&#8243; woodmart_hide_medium=&#8220;0&#8243; woodmart_hide_small=&#8220;0&#8243; woodmart_hide_extra_small=&#8220;0&#8243;]\t\t<div id=\"wd-69c4d515d7ff1\" class=\"wd-text-block wd-wpb reset-last-child wd-rs-69c4d515d7ff1 text-right color-scheme-light \">\n\t\t\t<p><strong>Bitte rufen Sie uns f\u00fcr ein konkretes Angebot an &#8211; und buchen Sie unser Restaurant noch heute.<\/strong><\/p>\n\t\t<\/div>\n\t\t[\/vc_column][vc_column width=&#8220;3\/5&#8243;][vc_single_image image=&#8220;10805&#8243; img_size=&#8220;700&#215;650&#8243; alignment=&#8220;center&#8220; style=&#8220;vc_box_shadow&#8220; css=&#8220;.vc_custom_1679571103220{padding-top: 30px !important;padding-right: 10% !important;padding-left: 10% !important;}&#8220; parallax_scroll=&#8220;no&#8220; woodmart_inline=&#8220;no&#8220;][\/vc_column][\/vc_row]<\/p>\n<\/div>","protected":false},"excerpt":{"rendered":"<p>[vc_row full_width=&#8220;stretch_row&#8220; css=&#8220;.vc_custom_1651444986553{margin-top: -40px !important;padding-bottom: 20px !important;background-color: #111111 !important;}&#8220; mobile_bg_img_hidden=&#8220;no&#8220; tablet_bg_img_hidden=&#8220;no&#8220; woodmart_parallax=&#8220;0&#8243; woodmart_gradient_switch=&#8220;no&#8220; row_reverse_mobile=&#8220;0&#8243; row_reverse_tablet=&#8220;0&#8243; woodmart_disable_overflow=&#8220;0&#8243; wd_z_index=&#8220;no&#8220; woodmart_css_id=&#8220;626f0cef7366f&#8220; responsive_spacing=&#8220;eyJwYXJhbV90eXBlIjoid29vZG1hcnRfcmVzcG9uc2l2ZV9zcGFjaW5nIiwic2VsZWN0b3JfaWQiOiI2MjZmMGNlZjczNjZmIiwic2hvcnRjb2RlIjoidmNfcm93IiwiZGF0YSI6eyJ0YWJsZXQiOnt9LCJtb2JpbGUiOnsibWFyZ2luLWJvdHRvbSI6IjBweCJ9fX0=&#8220; woodmart_box_shadow=&#8220;no&#8220;][vc_column<\/p>\n","protected":false},"author":2,"featured_media":0,"parent":0,"menu_order":0,"comment_status":"closed","ping_status":"closed","template":"","meta":{"footnotes":""},"class_list":["post-10803","page","type-page","status-publish","hentry"],"_links":{"self":[{"href":"https:\/\/asiakitchen.dk\/de\/wp-json\/wp\/v2\/pages\/10803","targetHints":{"allow":["GET"]}}],"collection":[{"href":"https:\/\/asiakitchen.dk\/de\/wp-json\/wp\/v2\/pages"}],"about":[{"href":"https:\/\/asiakitchen.dk\/de\/wp-json\/wp\/v2\/types\/page"}],"author":[{"embeddable":true,"href":"https:\/\/asiakitchen.dk\/de\/wp-json\/wp\/v2\/users\/2"}],"replies":[{"embeddable":true,"href":"https:\/\/asiakitchen.dk\/de\/wp-json\/wp\/v2\/comments?post=10803"}],"version-history":[{"count":2,"href":"https:\/\/asiakitchen.dk\/de\/wp-json\/wp\/v2\/pages\/10803\/revisions"}],"predecessor-version":[{"id":10810,"href":"https:\/\/asiakitchen.dk\/de\/wp-json\/wp\/v2\/pages\/10803\/revisions\/10810"}],"wp:attachment":[{"href":"https:\/\/asiakitchen.dk\/de\/wp-json\/wp\/v2\/media?parent=10803"}],"curies":[{"name":"wp","href":"https:\/\/api.w.org\/{rel}","templated":true}]}}